{"id":26404,"date":"2020-08-21T08:17:05","date_gmt":"2020-08-21T06:17:05","guid":{"rendered":"https:\/\/vzkrisenevarhany.cz\/karte-von\/"},"modified":"2024-11-30T08:24:20","modified_gmt":"2024-11-30T07:24:20","slug":"karte-von","status":"publish","type":"page","link":"https:\/\/vzkrisenevarhany.cz\/de\/karte-von\/","title":{"rendered":"Karte von"},"content":{"rendered":"\t\t<div data-elementor-type=\"wp-page\" data-elementor-id=\"26404\" class=\"elementor elementor-26404 elementor-4908\" data-elementor-post-type=\"page\">\n\t\t\t\t\t\t<section class=\"elementor-section elementor-top-section elementor-element elementor-element-6c0b09b elementor-section-full_width elementor-section-height-default elementor-section-height-default\" data-id=\"6c0b09b\" data-element_type=\"section\">\n\t\t\t\t\t\t<div class=\"elementor-container elementor-column-gap-default\">\n\t\t\t\t\t<div class=\"elementor-column elementor-col-100 elementor-top-column elementor-element elementor-element-b16cb65\" data-id=\"b16cb65\" data-element_type=\"column\">\n\t\t\t<div class=\"elementor-widget-wrap elementor-element-populated\">\n\t\t\t\t\t\t<div class=\"elementor-element elementor-element-5cb2430 elementor-widget elementor-widget-ova_heading_page\" data-id=\"5cb2430\" data-element_type=\"widget\" data-widget_type=\"ova_heading_page.default\">\n\t\t\t\t<div class=\"elementor-widget-container\">\n\t\t\t\t\t\n\t\t<section class=\"heading-page\" style=\"background-image: url(https:\/\/vzkrisenevarhany.cz\/wp-content\/uploads\/2020\/08\/Zeleznice.jpg)\" >\n\t\t\t<div class=\"container\">\n\t\t\t\t<div class=\"cta-content\">\n\t\t\t\t\t\t\t\t\t\t\t<h2 class=\"second_font\">Mapa<\/h2>\n\t\t\t\t\t\t\t\t\t\t\n\t\t\t\t<\/div>\n\t\t\t<\/div>\n\t\t<\/section>\n\n\t\t\t\t\t<\/div>\n\t\t\t\t<\/div>\n\t\t\t\t\t<\/div>\n\t\t<\/div>\n\t\t\t\t\t<\/div>\n\t\t<\/section>\n\t\t\t\t<section class=\"elementor-section elementor-top-section elementor-element elementor-element-1eac0a5d elementor-section-boxed elementor-section-height-default elementor-section-height-default\" data-id=\"1eac0a5d\" data-element_type=\"section\">\n\t\t\t\t\t\t<div class=\"elementor-container elementor-column-gap-default\">\n\t\t\t\t\t<div class=\"elementor-column elementor-col-100 elementor-top-column elementor-element elementor-element-4002083f\" data-id=\"4002083f\" data-element_type=\"column\">\n\t\t\t<div class=\"elementor-widget-wrap elementor-element-populated\">\n\t\t\t\t\t\t<div class=\"elementor-element elementor-element-5d802fee elementor-widget elementor-widget-text-editor\" data-id=\"5d802fee\" data-element_type=\"widget\" data-widget_type=\"text-editor.default\">\n\t\t\t\t<div class=\"elementor-widget-container\">\n\t\t\t\t\t\t\t\t\t<p><iframe src=\"https:\/\/www.google.com\/maps\/d\/embed?mid=1mQGeAvBHK-nBDDC2ZTqdcXvZgWF9i6ur&amp;hl=cs\" width=\"640\" height=\"480\"><\/iframe><\/p>\n\t\t\t\t\t\t\t\t<\/div>\n\t\t\t\t<\/div>\n\t\t\t\t\t<\/div>\n\t\t<\/div>\n\t\t\t\t\t<\/div>\n\t\t<\/section>\n\t\t\t\t<\/div>\n\t\t","protected":false},"excerpt":{"rendered":"<p>Mapa<\/p>\n","protected":false},"author":1,"featured_media":0,"parent":0,"menu_order":0,"comment_status":"closed","ping_status":"closed","template":"elementor_header_footer","meta":{"footnotes":""},"class_list":["post-26404","page","type-page","status-publish","hentry"],"yoast_head":"<!-- This site is optimized with the Yoast SEO plugin v24.1 - https:\/\/yoast.com\/wordpress\/plugins\/seo\/ -->\n<title>Karte von - Vzk\u0159\u00ed\u0161en\u00e9 varhany<\/title>\n<meta name=\"robots\" content=\"index, follow, max-snippet:-1, max-image-preview:large, max-video-preview:-1\" \/>\n<link rel=\"canonical\" href=\"https:\/\/vzkrisenevarhany.cz\/de\/karte-von\/\" \/>\n<meta property=\"og:locale\" content=\"de_DE\" \/>\n<meta property=\"og:type\" content=\"article\" \/>\n<meta property=\"og:title\" content=\"Karte von - Vzk\u0159\u00ed\u0161en\u00e9 varhany\" \/>\n<meta property=\"og:description\" content=\"Mapa\" \/>\n<meta property=\"og:url\" content=\"https:\/\/vzkrisenevarhany.cz\/de\/karte-von\/\" \/>\n<meta property=\"og:site_name\" content=\"Vzk\u0159\u00ed\u0161en\u00e9 varhany\" \/>\n<meta property=\"article:publisher\" content=\"https:\/\/www.facebook.com\/Vzk%c5%99%c3%ad%c5%a1en%c3%a9-varhany-Kr%c3%a1lov%c3%a9hradeck%c3%a9ho-kraje-120966136210698\" \/>\n<meta property=\"article:modified_time\" content=\"2024-11-30T07:24:20+00:00\" \/>\n<meta property=\"og:image\" content=\"https:\/\/vzkrisenevarhany.cz\/wp-content\/uploads\/2020\/08\/Logo-zlate.png\" \/>\n\t<meta property=\"og:image:width\" content=\"2013\" \/>\n\t<meta property=\"og:image:height\" content=\"1132\" \/>\n\t<meta property=\"og:image:type\" content=\"image\/png\" \/>\n<meta name=\"twitter:card\" content=\"summary_large_image\" \/>\n<script type=\"application\/ld+json\" class=\"yoast-schema-graph\">{\"@context\":\"https:\/\/schema.org\",\"@graph\":[{\"@type\":\"WebPage\",\"@id\":\"https:\/\/vzkrisenevarhany.cz\/de\/karte-von\/\",\"url\":\"https:\/\/vzkrisenevarhany.cz\/de\/karte-von\/\",\"name\":\"Karte von - Vzk\u0159\u00ed\u0161en\u00e9 varhany\",\"isPartOf\":{\"@id\":\"https:\/\/vzkrisenevarhany.cz\/de\/#website\"},\"datePublished\":\"2020-08-21T06:17:05+00:00\",\"dateModified\":\"2024-11-30T07:24:20+00:00\",\"breadcrumb\":{\"@id\":\"https:\/\/vzkrisenevarhany.cz\/de\/karte-von\/#breadcrumb\"},\"inLanguage\":\"de\",\"potentialAction\":[{\"@type\":\"ReadAction\",\"target\":[\"https:\/\/vzkrisenevarhany.cz\/de\/karte-von\/\"]}]},{\"@type\":\"BreadcrumbList\",\"@id\":\"https:\/\/vzkrisenevarhany.cz\/de\/karte-von\/#breadcrumb\",\"itemListElement\":[{\"@type\":\"ListItem\",\"position\":1,\"name\":\"Home\",\"item\":\"https:\/\/vzkrisenevarhany.cz\/de\/wiederauferstandenes-organ\/\"},{\"@type\":\"ListItem\",\"position\":2,\"name\":\"Karte von\"}]},{\"@type\":\"WebSite\",\"@id\":\"https:\/\/vzkrisenevarhany.cz\/de\/#website\",\"url\":\"https:\/\/vzkrisenevarhany.cz\/de\/\",\"name\":\"Vzk\u0159\u00ed\u0161en\u00e9 varhany\",\"description\":\"Ojedin\u011bl\u00fd program \u201eObnova historick\u00fdch varhan\u201c, kter\u00fd nem\u00e1 v \u010cesk\u00e9 republice obdoby.\",\"publisher\":{\"@id\":\"https:\/\/vzkrisenevarhany.cz\/de\/#organization\"},\"potentialAction\":[{\"@type\":\"SearchAction\",\"target\":{\"@type\":\"EntryPoint\",\"urlTemplate\":\"https:\/\/vzkrisenevarhany.cz\/de\/?s={search_term_string}\"},\"query-input\":{\"@type\":\"PropertyValueSpecification\",\"valueRequired\":true,\"valueName\":\"search_term_string\"}}],\"inLanguage\":\"de\"},{\"@type\":\"Organization\",\"@id\":\"https:\/\/vzkrisenevarhany.cz\/de\/#organization\",\"name\":\"Vzk\u0159\u00ed\u0161en\u00e9 varhany\",\"url\":\"https:\/\/vzkrisenevarhany.cz\/de\/\",\"logo\":{\"@type\":\"ImageObject\",\"inLanguage\":\"de\",\"@id\":\"https:\/\/vzkrisenevarhany.cz\/de\/#\/schema\/logo\/image\/\",\"url\":\"https:\/\/vzkrisenevarhany.cz\/wp-content\/uploads\/2020\/08\/logo_vzkrisene_varhany_horizontal-barevna-inverzni.png\",\"contentUrl\":\"https:\/\/vzkrisenevarhany.cz\/wp-content\/uploads\/2020\/08\/logo_vzkrisene_varhany_horizontal-barevna-inverzni.png\",\"width\":4961,\"height\":2335,\"caption\":\"Vzk\u0159\u00ed\u0161en\u00e9 varhany\"},\"image\":{\"@id\":\"https:\/\/vzkrisenevarhany.cz\/de\/#\/schema\/logo\/image\/\"},\"sameAs\":[\"https:\/\/www.facebook.com\/Vzk\u0159\u00ed\u0161en\u00e9-varhany-Kr\u00e1lov\u00e9hradeck\u00e9ho-kraje-120966136210698\",\"https:\/\/www.instagram.com\/vzkrisene_varhany\/\"]}]}<\/script>\n<!-- \/ Yoast SEO plugin. -->","yoast_head_json":{"title":"Karte von - Vzk\u0159\u00ed\u0161en\u00e9 varhany","robots":{"index":"index","follow":"follow","max-snippet":"max-snippet:-1","max-image-preview":"max-image-preview:large","max-video-preview":"max-video-preview:-1"},"canonical":"https:\/\/vzkrisenevarhany.cz\/de\/karte-von\/","og_locale":"de_DE","og_type":"article","og_title":"Karte von - Vzk\u0159\u00ed\u0161en\u00e9 varhany","og_description":"Mapa","og_url":"https:\/\/vzkrisenevarhany.cz\/de\/karte-von\/","og_site_name":"Vzk\u0159\u00ed\u0161en\u00e9 varhany","article_publisher":"https:\/\/www.facebook.com\/Vzk%c5%99%c3%ad%c5%a1en%c3%a9-varhany-Kr%c3%a1lov%c3%a9hradeck%c3%a9ho-kraje-120966136210698","article_modified_time":"2024-11-30T07:24:20+00:00","og_image":[{"width":2013,"height":1132,"url":"https:\/\/vzkrisenevarhany.cz\/wp-content\/uploads\/2020\/08\/Logo-zlate.png","type":"image\/png"}],"twitter_card":"summary_large_image","schema":{"@context":"https:\/\/schema.org","@graph":[{"@type":"WebPage","@id":"https:\/\/vzkrisenevarhany.cz\/de\/karte-von\/","url":"https:\/\/vzkrisenevarhany.cz\/de\/karte-von\/","name":"Karte von - Vzk\u0159\u00ed\u0161en\u00e9 varhany","isPartOf":{"@id":"https:\/\/vzkrisenevarhany.cz\/de\/#website"},"datePublished":"2020-08-21T06:17:05+00:00","dateModified":"2024-11-30T07:24:20+00:00","breadcrumb":{"@id":"https:\/\/vzkrisenevarhany.cz\/de\/karte-von\/#breadcrumb"},"inLanguage":"de","potentialAction":[{"@type":"ReadAction","target":["https:\/\/vzkrisenevarhany.cz\/de\/karte-von\/"]}]},{"@type":"BreadcrumbList","@id":"https:\/\/vzkrisenevarhany.cz\/de\/karte-von\/#breadcrumb","itemListElement":[{"@type":"ListItem","position":1,"name":"Home","item":"https:\/\/vzkrisenevarhany.cz\/de\/wiederauferstandenes-organ\/"},{"@type":"ListItem","position":2,"name":"Karte von"}]},{"@type":"WebSite","@id":"https:\/\/vzkrisenevarhany.cz\/de\/#website","url":"https:\/\/vzkrisenevarhany.cz\/de\/","name":"Vzk\u0159\u00ed\u0161en\u00e9 varhany","description":"Ojedin\u011bl\u00fd program \u201eObnova historick\u00fdch varhan\u201c, kter\u00fd nem\u00e1 v \u010cesk\u00e9 republice obdoby.","publisher":{"@id":"https:\/\/vzkrisenevarhany.cz\/de\/#organization"},"potentialAction":[{"@type":"SearchAction","target":{"@type":"EntryPoint","urlTemplate":"https:\/\/vzkrisenevarhany.cz\/de\/?s={search_term_string}"},"query-input":{"@type":"PropertyValueSpecification","valueRequired":true,"valueName":"search_term_string"}}],"inLanguage":"de"},{"@type":"Organization","@id":"https:\/\/vzkrisenevarhany.cz\/de\/#organization","name":"Vzk\u0159\u00ed\u0161en\u00e9 varhany","url":"https:\/\/vzkrisenevarhany.cz\/de\/","logo":{"@type":"ImageObject","inLanguage":"de","@id":"https:\/\/vzkrisenevarhany.cz\/de\/#\/schema\/logo\/image\/","url":"https:\/\/vzkrisenevarhany.cz\/wp-content\/uploads\/2020\/08\/logo_vzkrisene_varhany_horizontal-barevna-inverzni.png","contentUrl":"https:\/\/vzkrisenevarhany.cz\/wp-content\/uploads\/2020\/08\/logo_vzkrisene_varhany_horizontal-barevna-inverzni.png","width":4961,"height":2335,"caption":"Vzk\u0159\u00ed\u0161en\u00e9 varhany"},"image":{"@id":"https:\/\/vzkrisenevarhany.cz\/de\/#\/schema\/logo\/image\/"},"sameAs":["https:\/\/www.facebook.com\/Vzk\u0159\u00ed\u0161en\u00e9-varhany-Kr\u00e1lov\u00e9hradeck\u00e9ho-kraje-120966136210698","https:\/\/www.instagram.com\/vzkrisene_varhany\/"]}]}},"_links":{"self":[{"href":"https:\/\/vzkrisenevarhany.cz\/de\/wp-json\/wp\/v2\/pages\/26404","targetHints":{"allow":["GET"]}}],"collection":[{"href":"https:\/\/vzkrisenevarhany.cz\/de\/wp-json\/wp\/v2\/pages"}],"about":[{"href":"https:\/\/vzkrisenevarhany.cz\/de\/wp-json\/wp\/v2\/types\/page"}],"author":[{"embeddable":true,"href":"https:\/\/vzkrisenevarhany.cz\/de\/wp-json\/wp\/v2\/users\/1"}],"replies":[{"embeddable":true,"href":"https:\/\/vzkrisenevarhany.cz\/de\/wp-json\/wp\/v2\/comments?post=26404"}],"version-history":[{"count":1,"href":"https:\/\/vzkrisenevarhany.cz\/de\/wp-json\/wp\/v2\/pages\/26404\/revisions"}],"predecessor-version":[{"id":26408,"href":"https:\/\/vzkrisenevarhany.cz\/de\/wp-json\/wp\/v2\/pages\/26404\/revisions\/26408"}],"wp:attachment":[{"href":"https:\/\/vzkrisenevarhany.cz\/de\/wp-json\/wp\/v2\/media?parent=26404"}],"curies":[{"name":"wp","href":"https:\/\/api.w.org\/{rel}","templated":true}]}}