{"id":26438,"date":"2019-01-16T07:51:46","date_gmt":"2019-01-16T06:51:46","guid":{"rendered":"https:\/\/vzkrisenevarhany.cz\/aufzeichnungen\/"},"modified":"2024-11-30T08:25:49","modified_gmt":"2024-11-30T07:25:49","slug":"aufzeichnungen","status":"publish","type":"page","link":"https:\/\/vzkrisenevarhany.cz\/de\/aufzeichnungen\/","title":{"rendered":"Aufzeichnungen"},"content":{"rendered":"\t\t<div data-elementor-type=\"wp-page\" data-elementor-id=\"26438\" class=\"elementor elementor-26438 elementor-413\" data-elementor-post-type=\"page\">\n\t\t\t\t\t\t<section class=\"elementor-section elementor-top-section elementor-element elementor-element-3dc0a70 elementor-section-full_width elementor-section-height-default elementor-section-height-default\" data-id=\"3dc0a70\" data-element_type=\"section\">\n\t\t\t\t\t\t<div class=\"elementor-container elementor-column-gap-default\">\n\t\t\t\t\t<div class=\"elementor-column elementor-col-100 elementor-top-column elementor-element elementor-element-b85d5ae\" data-id=\"b85d5ae\" data-element_type=\"column\">\n\t\t\t<div class=\"elementor-widget-wrap elementor-element-populated\">\n\t\t\t\t\t\t<div class=\"elementor-element elementor-element-28668f5 elementor-widget elementor-widget-ova_heading_page\" data-id=\"28668f5\" data-element_type=\"widget\" data-widget_type=\"ova_heading_page.default\">\n\t\t\t\t<div class=\"elementor-widget-container\">\n\t\t\t\t\t\n\t\t<section class=\"heading-page\" style=\"background-image: url(https:\/\/vzkrisenevarhany.cz\/wp-content\/uploads\/2019\/01\/DJI_0882-4.jpg)\" >\n\t\t\t<div class=\"container\">\n\t\t\t\t<div class=\"cta-content\">\n\t\t\t\t\t\t\t\t\t\t\t<h2 class=\"second_font\">Nahr\u00e1vky<\/h2>\n\t\t\t\t\t\t\t\t\t\t\n\t\t\t\t<\/div>\n\t\t\t<\/div>\n\t\t<\/section>\n\n\t\t\t\t\t<\/div>\n\t\t\t\t<\/div>\n\t\t\t\t\t<\/div>\n\t\t<\/div>\n\t\t\t\t\t<\/div>\n\t\t<\/section>\n\t\t\t\t<section class=\"elementor-section elementor-top-section elementor-element elementor-element-770bdf5 elementor-section-boxed elementor-section-height-default elementor-section-height-default\" data-id=\"770bdf5\" data-element_type=\"section\">\n\t\t\t\t\t\t<div class=\"elementor-container elementor-column-gap-default\">\n\t\t\t\t\t<div class=\"elementor-column elementor-col-100 elementor-top-column elementor-element elementor-element-c367a0d\" data-id=\"c367a0d\" data-element_type=\"column\">\n\t\t\t<div class=\"elementor-widget-wrap elementor-element-populated\">\n\t\t\t\t\t\t<div class=\"elementor-element elementor-element-a97d815 elementor-widget elementor-widget-text-editor\" data-id=\"a97d815\" data-element_type=\"widget\" data-widget_type=\"text-editor.default\">\n\t\t\t\t<div class=\"elementor-widget-container\">\n\t\t\t\t\t\t\t\t\t<p><span style=\"color: #ffffff;\">Eine Sammlung von Aufnahmen, die in Kirchen in \u017dir\u010d, Ji\u010d\u00edn, Hradec Kr\u00e1lov\u00e9, \u010castolovice und Broumov gemacht wurden.&nbsp;<span style=\"letter-spacing: 0.2px;\">V\u00e1clav Uhl\u00ed\u0159 &#8211; Orgel.<\/span><\/span><\/p>\n\t\t\t\t\t\t\t\t<\/div>\n\t\t\t\t<\/div>\n\t\t\t\t<div class=\"elementor-element elementor-element-1d1b9b2 elementor-widget elementor-widget-html\" data-id=\"1d1b9b2\" data-element_type=\"widget\" data-widget_type=\"html.default\">\n\t\t\t\t<div class=\"elementor-widget-container\">\n\t\t\t\t\t<p style=\"color:gold;\">J. K. Kuchar - Fantasie in d-Moll \/ Sorrel  <\/p>\n<figure class=\"wp-block-audio\"><audio controls=\"\" src=\"https:\/\/vzkrisenevarhany.cz\/wp-content\/uploads\/2019\/01\/J.-K.-Kuchar-Fantasie-d-moll.wav\"><\/audio><\/figure>\n<p style=\"color:gold;\">J. Haydn - Flotenuhr Nr.3 \/ Glockenspiel, Windspiel<\/p>\n<figure class=\"wp-block-audio\"><audio controls=\"\" src=\"https:\/\/vzkrisenevarhany.cz\/wp-content\/uploads\/2019\/01\/J.-Haydn-Flotenuhr-No.3.wav\"><\/audio><\/figure>\n<p style=\"color:gold;\">J. Haydn - Flotenuhr Nr.11 \/ Glockenspiel, Windspiel<\/p>\n<figure class=\"wp-block-audio\"><audio controls=\"\" src=\"https:\/\/vzkrisenevarhany.cz\/wp-content\/uploads\/2019\/01\/J.-Haydn-Flotenuhr-No.11.wav\"><\/audio><\/figure>\n<p style=\"color:gold;\">J. S. Bach - Fantasie in g-Moll \/ Broumov<\/p>\n<figure class=\"wp-block-audio\"><audio controls=\"\" src=\"https:\/\/vzkrisenevarhany.cz\/wp-content\/uploads\/2019\/01\/J.-S.-Bach-Fantasie-g-moll.wav\"><\/audio><\/figure>\n<p style=\"color:gold;\">J. Haydn - Flotenuhr Nr.12 \/ Glockenspiel, Windspiel<\/p>\n<figure class=\"wp-block-audio\"><audio controls=\"\" src=\"https:\/\/vzkrisenevarhany.cz\/wp-content\/uploads\/2019\/01\/J.-Haydn-Flotenuhr-No.12.wav\"><\/audio><\/figure>\n<p style=\"color:gold;\">J. S. Bach - Pr\u00e4ludium und Fuge in a-Moll \/ \u010castolovice<\/p>\n<figure class=\"wp-block-audio\"><audio controls=\"\" src=\"https:\/\/vzkrisenevarhany.cz\/wp-content\/uploads\/2019\/01\/J.-S.-Bach-Preludium-a-fuga-a-moll.wav\"><\/audio><\/figure>\n<p style=\"color:gold;\">J. Haydn - Flotenuhr Nr.4 \/ Glockenspiel, Windspiel<\/p>\n<figure class=\"wp-block-audio\"><audio controls=\"\" src=\"https:\/\/vzkrisenevarhany.cz\/wp-content\/uploads\/2019\/01\/J.-Haydn-Flotenuhr-No.4.wav\"><\/audio><\/figure>\n<p style=\"color:gold;\">J. Haydn - Flotenuhr Nr.10 \/ Glockenspiel, Windspiel<\/p>\n<figure class=\"wp-block-audio\"><audio controls=\"\" src=\"https:\/\/vzkrisenevarhany.cz\/wp-content\/uploads\/2019\/01\/J.-Haydn-Flotenuhr-No.10.wav\"><\/audio><\/figure>\n<p style=\"color:gold;\">B. M. \u010cernohorsk\u00fd - Toccata in C-Dur \/ Hradec Kr\u00e1lov\u00e9<\/p>\n<figure class=\"wp-block-audio\"><audio controls=\"\" src=\"https:\/\/vzkrisenevarhany.cz\/wp-content\/uploads\/2019\/01\/B.-M.-Cernohorsky-Toccata-C-dur.wav\"><\/audio><\/figure>\n<p style=\"color:gold;\">L. Boellmann - Toccata \/ Ji\u010d\u00edn<\/p>\n<figure class=\"wp-block-audio\"><audio controls=\"\" src=\"https:\/\/vzkrisenevarhany.cz\/wp-content\/uploads\/2019\/01\/L.-Boellmann-Toccata.wav\"><\/audio><\/figure>\n<p style=\"color:gold;\">J. S. Bach - Arioso \/ \u010castolovice<\/p>\n<figure class=\"wp-block-audio\"><audio controls=\"\" src=\"https:\/\/vzkrisenevarhany.cz\/wp-content\/uploads\/2019\/01\/J.-s.-Bach-Arioso.wav\"><\/audio><\/figure>\n<p style=\"color:gold;\">L. Boellmann - Gebet \/ Ji\u010d\u00edn<\/p>\n<figure class=\"wp-block-audio\"><audio controls=\"\" src=\"https:\/\/vzkrisenevarhany.cz\/wp-content\/uploads\/2019\/01\/L.-Boellmann-Modlitba.wav\"><\/audio><\/figure>\n<p style=\"color:gold;\">Anonym - Fuge in a-Moll \/ Hradec Kr\u00e1lov\u00e9<\/p>\n<figure class=\"wp-block-audio\"><audio controls=\"\" src=\"https:\/\/vzkrisenevarhany.cz\/wp-content\/uploads\/2019\/01\/Fuga-a-moll-anonym.wav\"><\/audio><\/figure>\n\t\t\t\t<\/div>\n\t\t\t\t<\/div>\n\t\t\t\t\t<\/div>\n\t\t<\/div>\n\t\t\t\t\t<\/div>\n\t\t<\/section>\n\t\t\t\t<\/div>\n\t\t","protected":false},"excerpt":{"rendered":"<p>Nahr\u00e1vky Eine Sammlung von Aufnahmen, die in Kirchen in \u017dir\u010d, Ji\u010d\u00edn, Hradec Kr\u00e1lov\u00e9, \u010castolovice und Broumov gemacht wurden.&nbsp;V\u00e1clav Uhl\u00ed\u0159 &#8211; Orgel. J. K. Kuchar &#8211; Fantasie in d-Moll \/ Sorrel J. Haydn &#8211; Flotenuhr Nr.3 \/ Glockenspiel, Windspiel J. Haydn &#8211; Flotenuhr Nr.11 \/ Glockenspiel, Windspiel J. S. Bach &#8211; Fantasie in g-Moll \/ Broumov [&hellip;]<\/p>\n","protected":false},"author":1,"featured_media":0,"parent":0,"menu_order":0,"comment_status":"closed","ping_status":"closed","template":"elementor_header_footer","meta":{"footnotes":""},"class_list":["post-26438","page","type-page","status-publish","hentry"],"yoast_head":"<!-- This site is optimized with the Yoast SEO plugin v24.1 - https:\/\/yoast.com\/wordpress\/plugins\/seo\/ -->\n<title>Aufzeichnungen - Vzk\u0159\u00ed\u0161en\u00e9 varhany<\/title>\n<meta name=\"robots\" content=\"index, follow, max-snippet:-1, max-image-preview:large, max-video-preview:-1\" \/>\n<link rel=\"canonical\" href=\"https:\/\/vzkrisenevarhany.cz\/de\/aufzeichnungen\/\" \/>\n<meta property=\"og:locale\" content=\"de_DE\" \/>\n<meta property=\"og:type\" content=\"article\" \/>\n<meta property=\"og:title\" content=\"Aufzeichnungen - Vzk\u0159\u00ed\u0161en\u00e9 varhany\" \/>\n<meta property=\"og:description\" content=\"Nahr\u00e1vky Eine Sammlung von Aufnahmen, die in Kirchen in \u017dir\u010d, Ji\u010d\u00edn, Hradec Kr\u00e1lov\u00e9, \u010castolovice und Broumov gemacht wurden.&nbsp;V\u00e1clav Uhl\u00ed\u0159 &#8211; Orgel. J. K. Kuchar &#8211; Fantasie in d-Moll \/ Sorrel J. Haydn &#8211; Flotenuhr Nr.3 \/ Glockenspiel, Windspiel J. Haydn &#8211; Flotenuhr Nr.11 \/ Glockenspiel, Windspiel J. S. Bach &#8211; Fantasie in g-Moll \/ Broumov [&hellip;]\" \/>\n<meta property=\"og:url\" content=\"https:\/\/vzkrisenevarhany.cz\/de\/aufzeichnungen\/\" \/>\n<meta property=\"og:site_name\" content=\"Vzk\u0159\u00ed\u0161en\u00e9 varhany\" \/>\n<meta property=\"article:publisher\" content=\"https:\/\/www.facebook.com\/Vzk%c5%99%c3%ad%c5%a1en%c3%a9-varhany-Kr%c3%a1lov%c3%a9hradeck%c3%a9ho-kraje-120966136210698\" \/>\n<meta property=\"article:modified_time\" content=\"2024-11-30T07:25:49+00:00\" \/>\n<meta property=\"og:image\" content=\"https:\/\/vzkrisenevarhany.cz\/wp-content\/uploads\/2020\/08\/Logo-zlate.png\" \/>\n\t<meta property=\"og:image:width\" content=\"2013\" \/>\n\t<meta property=\"og:image:height\" content=\"1132\" \/>\n\t<meta property=\"og:image:type\" content=\"image\/png\" \/>\n<meta name=\"twitter:card\" content=\"summary_large_image\" \/>\n<meta name=\"twitter:label1\" content=\"Gesch\u00e4tzte Lesezeit\" \/>\n\t<meta name=\"twitter:data1\" content=\"1\u00a0Minute\" \/>\n<script type=\"application\/ld+json\" class=\"yoast-schema-graph\">{\"@context\":\"https:\/\/schema.org\",\"@graph\":[{\"@type\":\"WebPage\",\"@id\":\"https:\/\/vzkrisenevarhany.cz\/de\/aufzeichnungen\/\",\"url\":\"https:\/\/vzkrisenevarhany.cz\/de\/aufzeichnungen\/\",\"name\":\"Aufzeichnungen - Vzk\u0159\u00ed\u0161en\u00e9 varhany\",\"isPartOf\":{\"@id\":\"https:\/\/vzkrisenevarhany.cz\/de\/#website\"},\"datePublished\":\"2019-01-16T06:51:46+00:00\",\"dateModified\":\"2024-11-30T07:25:49+00:00\",\"breadcrumb\":{\"@id\":\"https:\/\/vzkrisenevarhany.cz\/de\/aufzeichnungen\/#breadcrumb\"},\"inLanguage\":\"de\",\"potentialAction\":[{\"@type\":\"ReadAction\",\"target\":[\"https:\/\/vzkrisenevarhany.cz\/de\/aufzeichnungen\/\"]}]},{\"@type\":\"BreadcrumbList\",\"@id\":\"https:\/\/vzkrisenevarhany.cz\/de\/aufzeichnungen\/#breadcrumb\",\"itemListElement\":[{\"@type\":\"ListItem\",\"position\":1,\"name\":\"Home\",\"item\":\"https:\/\/vzkrisenevarhany.cz\/de\/wiederauferstandenes-organ\/\"},{\"@type\":\"ListItem\",\"position\":2,\"name\":\"Aufzeichnungen\"}]},{\"@type\":\"WebSite\",\"@id\":\"https:\/\/vzkrisenevarhany.cz\/de\/#website\",\"url\":\"https:\/\/vzkrisenevarhany.cz\/de\/\",\"name\":\"Vzk\u0159\u00ed\u0161en\u00e9 varhany\",\"description\":\"Ojedin\u011bl\u00fd program \u201eObnova historick\u00fdch varhan\u201c, kter\u00fd nem\u00e1 v \u010cesk\u00e9 republice obdoby.\",\"publisher\":{\"@id\":\"https:\/\/vzkrisenevarhany.cz\/de\/#organization\"},\"potentialAction\":[{\"@type\":\"SearchAction\",\"target\":{\"@type\":\"EntryPoint\",\"urlTemplate\":\"https:\/\/vzkrisenevarhany.cz\/de\/?s={search_term_string}\"},\"query-input\":{\"@type\":\"PropertyValueSpecification\",\"valueRequired\":true,\"valueName\":\"search_term_string\"}}],\"inLanguage\":\"de\"},{\"@type\":\"Organization\",\"@id\":\"https:\/\/vzkrisenevarhany.cz\/de\/#organization\",\"name\":\"Vzk\u0159\u00ed\u0161en\u00e9 varhany\",\"url\":\"https:\/\/vzkrisenevarhany.cz\/de\/\",\"logo\":{\"@type\":\"ImageObject\",\"inLanguage\":\"de\",\"@id\":\"https:\/\/vzkrisenevarhany.cz\/de\/#\/schema\/logo\/image\/\",\"url\":\"https:\/\/vzkrisenevarhany.cz\/wp-content\/uploads\/2020\/08\/logo_vzkrisene_varhany_horizontal-barevna-inverzni.png\",\"contentUrl\":\"https:\/\/vzkrisenevarhany.cz\/wp-content\/uploads\/2020\/08\/logo_vzkrisene_varhany_horizontal-barevna-inverzni.png\",\"width\":4961,\"height\":2335,\"caption\":\"Vzk\u0159\u00ed\u0161en\u00e9 varhany\"},\"image\":{\"@id\":\"https:\/\/vzkrisenevarhany.cz\/de\/#\/schema\/logo\/image\/\"},\"sameAs\":[\"https:\/\/www.facebook.com\/Vzk\u0159\u00ed\u0161en\u00e9-varhany-Kr\u00e1lov\u00e9hradeck\u00e9ho-kraje-120966136210698\",\"https:\/\/www.instagram.com\/vzkrisene_varhany\/\"]}]}<\/script>\n<!-- \/ Yoast SEO plugin. -->","yoast_head_json":{"title":"Aufzeichnungen - Vzk\u0159\u00ed\u0161en\u00e9 varhany","robots":{"index":"index","follow":"follow","max-snippet":"max-snippet:-1","max-image-preview":"max-image-preview:large","max-video-preview":"max-video-preview:-1"},"canonical":"https:\/\/vzkrisenevarhany.cz\/de\/aufzeichnungen\/","og_locale":"de_DE","og_type":"article","og_title":"Aufzeichnungen - Vzk\u0159\u00ed\u0161en\u00e9 varhany","og_description":"Nahr\u00e1vky Eine Sammlung von Aufnahmen, die in Kirchen in \u017dir\u010d, Ji\u010d\u00edn, Hradec Kr\u00e1lov\u00e9, \u010castolovice und Broumov gemacht wurden.&nbsp;V\u00e1clav Uhl\u00ed\u0159 &#8211; Orgel. J. K. Kuchar &#8211; Fantasie in d-Moll \/ Sorrel J. Haydn &#8211; Flotenuhr Nr.3 \/ Glockenspiel, Windspiel J. Haydn &#8211; Flotenuhr Nr.11 \/ Glockenspiel, Windspiel J. S. Bach &#8211; Fantasie in g-Moll \/ Broumov [&hellip;]","og_url":"https:\/\/vzkrisenevarhany.cz\/de\/aufzeichnungen\/","og_site_name":"Vzk\u0159\u00ed\u0161en\u00e9 varhany","article_publisher":"https:\/\/www.facebook.com\/Vzk%c5%99%c3%ad%c5%a1en%c3%a9-varhany-Kr%c3%a1lov%c3%a9hradeck%c3%a9ho-kraje-120966136210698","article_modified_time":"2024-11-30T07:25:49+00:00","og_image":[{"width":2013,"height":1132,"url":"https:\/\/vzkrisenevarhany.cz\/wp-content\/uploads\/2020\/08\/Logo-zlate.png","type":"image\/png"}],"twitter_card":"summary_large_image","twitter_misc":{"Gesch\u00e4tzte Lesezeit":"1\u00a0Minute"},"schema":{"@context":"https:\/\/schema.org","@graph":[{"@type":"WebPage","@id":"https:\/\/vzkrisenevarhany.cz\/de\/aufzeichnungen\/","url":"https:\/\/vzkrisenevarhany.cz\/de\/aufzeichnungen\/","name":"Aufzeichnungen - Vzk\u0159\u00ed\u0161en\u00e9 varhany","isPartOf":{"@id":"https:\/\/vzkrisenevarhany.cz\/de\/#website"},"datePublished":"2019-01-16T06:51:46+00:00","dateModified":"2024-11-30T07:25:49+00:00","breadcrumb":{"@id":"https:\/\/vzkrisenevarhany.cz\/de\/aufzeichnungen\/#breadcrumb"},"inLanguage":"de","potentialAction":[{"@type":"ReadAction","target":["https:\/\/vzkrisenevarhany.cz\/de\/aufzeichnungen\/"]}]},{"@type":"BreadcrumbList","@id":"https:\/\/vzkrisenevarhany.cz\/de\/aufzeichnungen\/#breadcrumb","itemListElement":[{"@type":"ListItem","position":1,"name":"Home","item":"https:\/\/vzkrisenevarhany.cz\/de\/wiederauferstandenes-organ\/"},{"@type":"ListItem","position":2,"name":"Aufzeichnungen"}]},{"@type":"WebSite","@id":"https:\/\/vzkrisenevarhany.cz\/de\/#website","url":"https:\/\/vzkrisenevarhany.cz\/de\/","name":"Vzk\u0159\u00ed\u0161en\u00e9 varhany","description":"Ojedin\u011bl\u00fd program \u201eObnova historick\u00fdch varhan\u201c, kter\u00fd nem\u00e1 v \u010cesk\u00e9 republice obdoby.","publisher":{"@id":"https:\/\/vzkrisenevarhany.cz\/de\/#organization"},"potentialAction":[{"@type":"SearchAction","target":{"@type":"EntryPoint","urlTemplate":"https:\/\/vzkrisenevarhany.cz\/de\/?s={search_term_string}"},"query-input":{"@type":"PropertyValueSpecification","valueRequired":true,"valueName":"search_term_string"}}],"inLanguage":"de"},{"@type":"Organization","@id":"https:\/\/vzkrisenevarhany.cz\/de\/#organization","name":"Vzk\u0159\u00ed\u0161en\u00e9 varhany","url":"https:\/\/vzkrisenevarhany.cz\/de\/","logo":{"@type":"ImageObject","inLanguage":"de","@id":"https:\/\/vzkrisenevarhany.cz\/de\/#\/schema\/logo\/image\/","url":"https:\/\/vzkrisenevarhany.cz\/wp-content\/uploads\/2020\/08\/logo_vzkrisene_varhany_horizontal-barevna-inverzni.png","contentUrl":"https:\/\/vzkrisenevarhany.cz\/wp-content\/uploads\/2020\/08\/logo_vzkrisene_varhany_horizontal-barevna-inverzni.png","width":4961,"height":2335,"caption":"Vzk\u0159\u00ed\u0161en\u00e9 varhany"},"image":{"@id":"https:\/\/vzkrisenevarhany.cz\/de\/#\/schema\/logo\/image\/"},"sameAs":["https:\/\/www.facebook.com\/Vzk\u0159\u00ed\u0161en\u00e9-varhany-Kr\u00e1lov\u00e9hradeck\u00e9ho-kraje-120966136210698","https:\/\/www.instagram.com\/vzkrisene_varhany\/"]}]}},"_links":{"self":[{"href":"https:\/\/vzkrisenevarhany.cz\/de\/wp-json\/wp\/v2\/pages\/26438","targetHints":{"allow":["GET"]}}],"collection":[{"href":"https:\/\/vzkrisenevarhany.cz\/de\/wp-json\/wp\/v2\/pages"}],"about":[{"href":"https:\/\/vzkrisenevarhany.cz\/de\/wp-json\/wp\/v2\/types\/page"}],"author":[{"embeddable":true,"href":"https:\/\/vzkrisenevarhany.cz\/de\/wp-json\/wp\/v2\/users\/1"}],"replies":[{"embeddable":true,"href":"https:\/\/vzkrisenevarhany.cz\/de\/wp-json\/wp\/v2\/comments?post=26438"}],"version-history":[{"count":1,"href":"https:\/\/vzkrisenevarhany.cz\/de\/wp-json\/wp\/v2\/pages\/26438\/revisions"}],"predecessor-version":[{"id":26439,"href":"https:\/\/vzkrisenevarhany.cz\/de\/wp-json\/wp\/v2\/pages\/26438\/revisions\/26439"}],"wp:attachment":[{"href":"https:\/\/vzkrisenevarhany.cz\/de\/wp-json\/wp\/v2\/media?parent=26438"}],"curies":[{"name":"wp","href":"https:\/\/api.w.org\/{rel}","templated":true}]}}