{"id":26442,"date":"2019-01-16T07:48:05","date_gmt":"2019-01-16T06:48:05","guid":{"rendered":"https:\/\/vzkrisenevarhany.cz\/galerie\/"},"modified":"2024-11-30T08:26:00","modified_gmt":"2024-11-30T07:26:00","slug":"galerie","status":"publish","type":"page","link":"https:\/\/vzkrisenevarhany.cz\/de\/galerie\/","title":{"rendered":"Galerie"},"content":{"rendered":"\t\t<div data-elementor-type=\"wp-post\" data-elementor-id=\"26442\" class=\"elementor elementor-26442 elementor-402\" data-elementor-post-type=\"page\">\n\t\t\t\t\t\t<section class=\"elementor-section elementor-top-section elementor-element elementor-element-6378763 elementor-section-full_width elementor-section-content-bottom elementor-section-stretched elementor-section-height-default elementor-section-height-default\" data-id=\"6378763\" data-element_type=\"section\" data-settings=\"{&quot;stretch_section&quot;:&quot;section-stretched&quot;}\">\n\t\t\t\t\t\t<div class=\"elementor-container elementor-column-gap-wide\">\n\t\t\t\t\t<div class=\"elementor-column elementor-col-100 elementor-top-column elementor-element elementor-element-9560fb0\" data-id=\"9560fb0\" data-element_type=\"column\">\n\t\t\t<div class=\"elementor-widget-wrap elementor-element-populated\">\n\t\t\t\t\t\t<div class=\"elementor-element elementor-element-5b35715 gallery-spacing-custom elementor-widget elementor-widget-image-gallery\" data-id=\"5b35715\" data-element_type=\"widget\" data-widget_type=\"image-gallery.default\">\n\t\t\t\t<div class=\"elementor-widget-container\">\n\t\t\t\t\t\t\t<div class=\"elementor-image-gallery\">\n\t\t\t\n\t\t<style type=\"text\/css\">\n\t\t\t#gallery-1 {\n\t\t\t\tmargin: auto;\n\t\t\t}\n\t\t\t#gallery-1 .gallery-item {\n\t\t\t\tfloat: left;\n\t\t\t\tmargin-top: 10px;\n\t\t\t\ttext-align: center;\n\t\t\t\twidth: 33%;\n\t\t\t}\n\t\t\t#gallery-1 img {\n\t\t\t\tborder: 2px solid #cfcfcf;\n\t\t\t}\n\t\t\t#gallery-1 .gallery-caption {\n\t\t\t\tmargin-left: 0;\n\t\t\t}\n\t\t\t\/* see gallery_shortcode() in wp-includes\/media.php *\/\n\t\t<\/style>\n\t\t<div id='gallery-1' class='gallery galleryid-26442 gallery-columns-3 gallery-size-large'><dl class='gallery-item'>\n\t\t\t<dt class='gallery-icon landscape'>\n\t\t\t\t<a data-elementor-open-lightbox=\"yes\" data-elementor-lightbox-slideshow=\"5b35715\" data-elementor-lightbox-title=\"HK 15 - 2MB\" data-e-action-hash=\"#elementor-action%3Aaction%3Dlightbox%26settings%3DeyJpZCI6MjQxMDAsInVybCI6Imh0dHBzOlwvXC92emtyaXNlbmV2YXJoYW55LmN6XC93cC1jb250ZW50XC91cGxvYWRzXC8yMDE5XC8wMVwvSEstMTUtMk1CLS1zY2FsZWQuanBnIiwic2xpZGVzaG93IjoiNWIzNTcxNSJ9\" href='https:\/\/vzkrisenevarhany.cz\/wp-content\/uploads\/2019\/01\/HK-15-2MB--scaled.jpg'><img fetchpriority=\"high\" decoding=\"async\" width=\"1024\" height=\"683\" src=\"https:\/\/vzkrisenevarhany.cz\/wp-content\/uploads\/2019\/01\/HK-15-2MB--1024x683.jpg\" class=\"attachment-large size-large\" alt=\"\" srcset=\"https:\/\/vzkrisenevarhany.cz\/wp-content\/uploads\/2019\/01\/HK-15-2MB--1024x683.jpg 1024w, https:\/\/vzkrisenevarhany.cz\/wp-content\/uploads\/2019\/01\/HK-15-2MB--300x200.jpg 300w, https:\/\/vzkrisenevarhany.cz\/wp-content\/uploads\/2019\/01\/HK-15-2MB--768x512.jpg 768w, https:\/\/vzkrisenevarhany.cz\/wp-content\/uploads\/2019\/01\/HK-15-2MB--1536x1024.jpg 1536w, https:\/\/vzkrisenevarhany.cz\/wp-content\/uploads\/2019\/01\/HK-15-2MB--2048x1365.jpg 2048w, https:\/\/vzkrisenevarhany.cz\/wp-content\/uploads\/2019\/01\/HK-15-2MB--600x400.jpg 600w\" sizes=\"(max-width: 1024px) 100vw, 1024px\" \/><\/a>\n\t\t\t<\/dt><\/dl><dl class='gallery-item'>\n\t\t\t<dt class='gallery-icon landscape'>\n\t\t\t\t<a data-elementor-open-lightbox=\"yes\" data-elementor-lightbox-slideshow=\"5b35715\" data-elementor-lightbox-title=\"default\" data-e-action-hash=\"#elementor-action%3Aaction%3Dlightbox%26settings%3DeyJpZCI6MjQwNzIsInVybCI6Imh0dHBzOlwvXC92emtyaXNlbmV2YXJoYW55LmN6XC93cC1jb250ZW50XC91cGxvYWRzXC8yMDE5XC8wMVwvSEstMS0yTUItc2NhbGVkLmpwZyIsInNsaWRlc2hvdyI6IjViMzU3MTUifQ%3D%3D\" href='https:\/\/vzkrisenevarhany.cz\/wp-content\/uploads\/2019\/01\/HK-1-2MB-scaled.jpg'><img decoding=\"async\" width=\"1024\" height=\"768\" src=\"https:\/\/vzkrisenevarhany.cz\/wp-content\/uploads\/2019\/01\/HK-1-2MB-1024x768.jpg\" class=\"attachment-large size-large\" alt=\"\" aria-describedby=\"gallery-1-24072\" srcset=\"https:\/\/vzkrisenevarhany.cz\/wp-content\/uploads\/2019\/01\/HK-1-2MB-1024x768.jpg 1024w, https:\/\/vzkrisenevarhany.cz\/wp-content\/uploads\/2019\/01\/HK-1-2MB-300x225.jpg 300w, https:\/\/vzkrisenevarhany.cz\/wp-content\/uploads\/2019\/01\/HK-1-2MB-768x576.jpg 768w, https:\/\/vzkrisenevarhany.cz\/wp-content\/uploads\/2019\/01\/HK-1-2MB-1536x1152.jpg 1536w, https:\/\/vzkrisenevarhany.cz\/wp-content\/uploads\/2019\/01\/HK-1-2MB-2048x1536.jpg 2048w, https:\/\/vzkrisenevarhany.cz\/wp-content\/uploads\/2019\/01\/HK-1-2MB-600x450.jpg 600w\" sizes=\"(max-width: 1024px) 100vw, 1024px\" \/><\/a>\n\t\t\t<\/dt>\n\t\t\t\t<dd class='wp-caption-text gallery-caption' id='gallery-1-24072'>\n\t\t\t\tdefault\n\t\t\t\t<\/dd><\/dl><dl class='gallery-item'>\n\t\t\t<dt class='gallery-icon landscape'>\n\t\t\t\t<a data-elementor-open-lightbox=\"yes\" data-elementor-lightbox-slideshow=\"5b35715\" data-elementor-lightbox-title=\"default\" data-e-action-hash=\"#elementor-action%3Aaction%3Dlightbox%26settings%3DeyJpZCI6MjQwNjgsInVybCI6Imh0dHBzOlwvXC92emtyaXNlbmV2YXJoYW55LmN6XC93cC1jb250ZW50XC91cGxvYWRzXC8yMDE5XC8wMVwvREpJXzA4ODItc2NhbGVkLmpwZyIsInNsaWRlc2hvdyI6IjViMzU3MTUifQ%3D%3D\" href='https:\/\/vzkrisenevarhany.cz\/wp-content\/uploads\/2019\/01\/DJI_0882-scaled.jpg'><img decoding=\"async\" width=\"1024\" height=\"576\" src=\"https:\/\/vzkrisenevarhany.cz\/wp-content\/uploads\/2019\/01\/DJI_0882-1024x576.jpg\" class=\"attachment-large size-large\" alt=\"\" aria-describedby=\"gallery-1-24068\" srcset=\"https:\/\/vzkrisenevarhany.cz\/wp-content\/uploads\/2019\/01\/DJI_0882-1024x576.jpg 1024w, https:\/\/vzkrisenevarhany.cz\/wp-content\/uploads\/2019\/01\/DJI_0882-300x169.jpg 300w, https:\/\/vzkrisenevarhany.cz\/wp-content\/uploads\/2019\/01\/DJI_0882-768x432.jpg 768w, https:\/\/vzkrisenevarhany.cz\/wp-content\/uploads\/2019\/01\/DJI_0882-1536x864.jpg 1536w, https:\/\/vzkrisenevarhany.cz\/wp-content\/uploads\/2019\/01\/DJI_0882-2048x1152.jpg 2048w, https:\/\/vzkrisenevarhany.cz\/wp-content\/uploads\/2019\/01\/DJI_0882-600x338.jpg 600w\" sizes=\"(max-width: 1024px) 100vw, 1024px\" \/><\/a>\n\t\t\t<\/dt>\n\t\t\t\t<dd class='wp-caption-text gallery-caption' id='gallery-1-24068'>\n\t\t\t\tdefault\n\t\t\t\t<\/dd><\/dl><br style=\"clear: both\" \/><dl class='gallery-item'>\n\t\t\t<dt class='gallery-icon landscape'>\n\t\t\t\t<a data-elementor-open-lightbox=\"yes\" data-elementor-lightbox-slideshow=\"5b35715\" data-elementor-lightbox-title=\"HK 11 - 2MB\" data-e-action-hash=\"#elementor-action%3Aaction%3Dlightbox%26settings%3DeyJpZCI6MjQwNjYsInVybCI6Imh0dHBzOlwvXC92emtyaXNlbmV2YXJoYW55LmN6XC93cC1jb250ZW50XC91cGxvYWRzXC8yMDIwXC8wOFwvSEstMTEtMk1CLXNjYWxlZC5qcGciLCJzbGlkZXNob3ciOiI1YjM1NzE1In0%3D\" href='https:\/\/vzkrisenevarhany.cz\/wp-content\/uploads\/2020\/08\/HK-11-2MB-scaled.jpg'><img loading=\"lazy\" decoding=\"async\" width=\"1024\" height=\"768\" src=\"https:\/\/vzkrisenevarhany.cz\/wp-content\/uploads\/2020\/08\/HK-11-2MB-1024x768.jpg\" class=\"attachment-large size-large\" alt=\"\" srcset=\"https:\/\/vzkrisenevarhany.cz\/wp-content\/uploads\/2020\/08\/HK-11-2MB-1024x768.jpg 1024w, https:\/\/vzkrisenevarhany.cz\/wp-content\/uploads\/2020\/08\/HK-11-2MB-300x225.jpg 300w, https:\/\/vzkrisenevarhany.cz\/wp-content\/uploads\/2020\/08\/HK-11-2MB-768x576.jpg 768w, https:\/\/vzkrisenevarhany.cz\/wp-content\/uploads\/2020\/08\/HK-11-2MB-1536x1152.jpg 1536w, https:\/\/vzkrisenevarhany.cz\/wp-content\/uploads\/2020\/08\/HK-11-2MB-2048x1536.jpg 2048w, https:\/\/vzkrisenevarhany.cz\/wp-content\/uploads\/2020\/08\/HK-11-2MB-600x450.jpg 600w\" sizes=\"(max-width: 1024px) 100vw, 1024px\" \/><\/a>\n\t\t\t<\/dt><\/dl><dl class='gallery-item'>\n\t\t\t<dt class='gallery-icon landscape'>\n\t\t\t\t<a data-elementor-open-lightbox=\"yes\" data-elementor-lightbox-slideshow=\"5b35715\" data-elementor-lightbox-title=\"HK 9 - 2MB\" data-e-action-hash=\"#elementor-action%3Aaction%3Dlightbox%26settings%3DeyJpZCI6MjQwODgsInVybCI6Imh0dHBzOlwvXC92emtyaXNlbmV2YXJoYW55LmN6XC93cC1jb250ZW50XC91cGxvYWRzXC8yMDE5XC8wMVwvSEstOS0yTUItc2NhbGVkLmpwZyIsInNsaWRlc2hvdyI6IjViMzU3MTUifQ%3D%3D\" href='https:\/\/vzkrisenevarhany.cz\/wp-content\/uploads\/2019\/01\/HK-9-2MB-scaled.jpg'><img loading=\"lazy\" decoding=\"async\" width=\"1024\" height=\"768\" src=\"https:\/\/vzkrisenevarhany.cz\/wp-content\/uploads\/2019\/01\/HK-9-2MB-1024x768.jpg\" class=\"attachment-large size-large\" alt=\"\" srcset=\"https:\/\/vzkrisenevarhany.cz\/wp-content\/uploads\/2019\/01\/HK-9-2MB-1024x768.jpg 1024w, https:\/\/vzkrisenevarhany.cz\/wp-content\/uploads\/2019\/01\/HK-9-2MB-300x225.jpg 300w, https:\/\/vzkrisenevarhany.cz\/wp-content\/uploads\/2019\/01\/HK-9-2MB-768x576.jpg 768w, https:\/\/vzkrisenevarhany.cz\/wp-content\/uploads\/2019\/01\/HK-9-2MB-1536x1152.jpg 1536w, https:\/\/vzkrisenevarhany.cz\/wp-content\/uploads\/2019\/01\/HK-9-2MB-2048x1536.jpg 2048w, https:\/\/vzkrisenevarhany.cz\/wp-content\/uploads\/2019\/01\/HK-9-2MB-600x450.jpg 600w\" sizes=\"(max-width: 1024px) 100vw, 1024px\" \/><\/a>\n\t\t\t<\/dt><\/dl><dl class='gallery-item'>\n\t\t\t<dt class='gallery-icon landscape'>\n\t\t\t\t<a data-elementor-open-lightbox=\"yes\" data-elementor-lightbox-slideshow=\"5b35715\" data-elementor-lightbox-title=\"HK 10 - 2MB\" data-e-action-hash=\"#elementor-action%3Aaction%3Dlightbox%26settings%3DeyJpZCI6MjQwOTAsInVybCI6Imh0dHBzOlwvXC92emtyaXNlbmV2YXJoYW55LmN6XC93cC1jb250ZW50XC91cGxvYWRzXC8yMDE5XC8wMVwvSEstMTAtMk1CLXNjYWxlZC5qcGciLCJzbGlkZXNob3ciOiI1YjM1NzE1In0%3D\" href='https:\/\/vzkrisenevarhany.cz\/wp-content\/uploads\/2019\/01\/HK-10-2MB-scaled.jpg'><img loading=\"lazy\" decoding=\"async\" width=\"1024\" height=\"768\" src=\"https:\/\/vzkrisenevarhany.cz\/wp-content\/uploads\/2019\/01\/HK-10-2MB-1024x768.jpg\" class=\"attachment-large size-large\" alt=\"\" srcset=\"https:\/\/vzkrisenevarhany.cz\/wp-content\/uploads\/2019\/01\/HK-10-2MB-1024x768.jpg 1024w, https:\/\/vzkrisenevarhany.cz\/wp-content\/uploads\/2019\/01\/HK-10-2MB-300x225.jpg 300w, https:\/\/vzkrisenevarhany.cz\/wp-content\/uploads\/2019\/01\/HK-10-2MB-768x576.jpg 768w, https:\/\/vzkrisenevarhany.cz\/wp-content\/uploads\/2019\/01\/HK-10-2MB-1536x1152.jpg 1536w, https:\/\/vzkrisenevarhany.cz\/wp-content\/uploads\/2019\/01\/HK-10-2MB-2048x1536.jpg 2048w, https:\/\/vzkrisenevarhany.cz\/wp-content\/uploads\/2019\/01\/HK-10-2MB-600x450.jpg 600w\" sizes=\"(max-width: 1024px) 100vw, 1024px\" \/><\/a>\n\t\t\t<\/dt><\/dl><br style=\"clear: both\" \/><dl class='gallery-item'>\n\t\t\t<dt class='gallery-icon landscape'>\n\t\t\t\t<a data-elementor-open-lightbox=\"yes\" data-elementor-lightbox-slideshow=\"5b35715\" data-elementor-lightbox-title=\"HK 12 - 2MB\" data-e-action-hash=\"#elementor-action%3Aaction%3Dlightbox%26settings%3DeyJpZCI6MjQwOTQsInVybCI6Imh0dHBzOlwvXC92emtyaXNlbmV2YXJoYW55LmN6XC93cC1jb250ZW50XC91cGxvYWRzXC8yMDE5XC8wMVwvSEstMTItMk1CLXNjYWxlZC5qcGciLCJzbGlkZXNob3ciOiI1YjM1NzE1In0%3D\" href='https:\/\/vzkrisenevarhany.cz\/wp-content\/uploads\/2019\/01\/HK-12-2MB-scaled.jpg'><img loading=\"lazy\" decoding=\"async\" width=\"1024\" height=\"768\" src=\"https:\/\/vzkrisenevarhany.cz\/wp-content\/uploads\/2019\/01\/HK-12-2MB-1024x768.jpg\" class=\"attachment-large size-large\" alt=\"\" srcset=\"https:\/\/vzkrisenevarhany.cz\/wp-content\/uploads\/2019\/01\/HK-12-2MB-1024x768.jpg 1024w, https:\/\/vzkrisenevarhany.cz\/wp-content\/uploads\/2019\/01\/HK-12-2MB-300x225.jpg 300w, https:\/\/vzkrisenevarhany.cz\/wp-content\/uploads\/2019\/01\/HK-12-2MB-768x576.jpg 768w, https:\/\/vzkrisenevarhany.cz\/wp-content\/uploads\/2019\/01\/HK-12-2MB-1536x1152.jpg 1536w, https:\/\/vzkrisenevarhany.cz\/wp-content\/uploads\/2019\/01\/HK-12-2MB-2048x1536.jpg 2048w, https:\/\/vzkrisenevarhany.cz\/wp-content\/uploads\/2019\/01\/HK-12-2MB-600x450.jpg 600w\" sizes=\"(max-width: 1024px) 100vw, 1024px\" \/><\/a>\n\t\t\t<\/dt><\/dl><dl class='gallery-item'>\n\t\t\t<dt class='gallery-icon landscape'>\n\t\t\t\t<a data-elementor-open-lightbox=\"yes\" data-elementor-lightbox-slideshow=\"5b35715\" data-elementor-lightbox-title=\"default\" data-e-action-hash=\"#elementor-action%3Aaction%3Dlightbox%26settings%3DeyJpZCI6MjQwOTYsInVybCI6Imh0dHBzOlwvXC92emtyaXNlbmV2YXJoYW55LmN6XC93cC1jb250ZW50XC91cGxvYWRzXC8yMDE5XC8wMVwvSEstMTMtMk1CLXNjYWxlZC5qcGciLCJzbGlkZXNob3ciOiI1YjM1NzE1In0%3D\" href='https:\/\/vzkrisenevarhany.cz\/wp-content\/uploads\/2019\/01\/HK-13-2MB-scaled.jpg'><img loading=\"lazy\" decoding=\"async\" width=\"1024\" height=\"768\" src=\"https:\/\/vzkrisenevarhany.cz\/wp-content\/uploads\/2019\/01\/HK-13-2MB-1024x768.jpg\" class=\"attachment-large size-large\" alt=\"\" aria-describedby=\"gallery-1-24096\" srcset=\"https:\/\/vzkrisenevarhany.cz\/wp-content\/uploads\/2019\/01\/HK-13-2MB-1024x768.jpg 1024w, https:\/\/vzkrisenevarhany.cz\/wp-content\/uploads\/2019\/01\/HK-13-2MB-300x225.jpg 300w, https:\/\/vzkrisenevarhany.cz\/wp-content\/uploads\/2019\/01\/HK-13-2MB-768x576.jpg 768w, https:\/\/vzkrisenevarhany.cz\/wp-content\/uploads\/2019\/01\/HK-13-2MB-1536x1152.jpg 1536w, https:\/\/vzkrisenevarhany.cz\/wp-content\/uploads\/2019\/01\/HK-13-2MB-2048x1536.jpg 2048w, https:\/\/vzkrisenevarhany.cz\/wp-content\/uploads\/2019\/01\/HK-13-2MB-600x450.jpg 600w\" sizes=\"(max-width: 1024px) 100vw, 1024px\" \/><\/a>\n\t\t\t<\/dt>\n\t\t\t\t<dd class='wp-caption-text gallery-caption' id='gallery-1-24096'>\n\t\t\t\tdefault\n\t\t\t\t<\/dd><\/dl>\n\t\t\t<br style='clear: both' \/>\n\t\t<\/div>\n\t\t<\/div>\n\t\t\t\t\t\t<\/div>\n\t\t\t\t<\/div>\n\t\t\t\t\t<\/div>\n\t\t<\/div>\n\t\t\t\t\t<\/div>\n\t\t<\/section>\n\t\t\t\t<\/div>\n\t\t","protected":false},"excerpt":{"rendered":"<p>default default default<\/p>\n","protected":false},"author":1,"featured_media":0,"parent":0,"menu_order":0,"comment_status":"closed","ping_status":"closed","template":"","meta":{"footnotes":""},"class_list":["post-26442","page","type-page","status-publish","hentry"],"yoast_head":"<!-- This site is optimized with the Yoast SEO plugin v24.1 - https:\/\/yoast.com\/wordpress\/plugins\/seo\/ -->\n<title>Galerie - Vzk\u0159\u00ed\u0161en\u00e9 varhany<\/title>\n<meta name=\"robots\" content=\"index, follow, max-snippet:-1, max-image-preview:large, max-video-preview:-1\" \/>\n<link rel=\"canonical\" href=\"https:\/\/vzkrisenevarhany.cz\/de\/galerie\/\" \/>\n<meta property=\"og:locale\" content=\"de_DE\" \/>\n<meta property=\"og:type\" content=\"article\" \/>\n<meta property=\"og:title\" content=\"Galerie - Vzk\u0159\u00ed\u0161en\u00e9 varhany\" \/>\n<meta property=\"og:description\" content=\"default default default\" \/>\n<meta property=\"og:url\" content=\"https:\/\/vzkrisenevarhany.cz\/de\/galerie\/\" \/>\n<meta property=\"og:site_name\" content=\"Vzk\u0159\u00ed\u0161en\u00e9 varhany\" \/>\n<meta property=\"article:publisher\" content=\"https:\/\/www.facebook.com\/Vzk%c5%99%c3%ad%c5%a1en%c3%a9-varhany-Kr%c3%a1lov%c3%a9hradeck%c3%a9ho-kraje-120966136210698\" \/>\n<meta property=\"article:modified_time\" content=\"2024-11-30T07:26:00+00:00\" \/>\n<meta property=\"og:image\" content=\"https:\/\/vzkrisenevarhany.cz\/wp-content\/uploads\/2019\/01\/HK-15-2MB--1024x683.jpg\" \/>\n<meta name=\"twitter:card\" content=\"summary_large_image\" \/>\n<script type=\"application\/ld+json\" class=\"yoast-schema-graph\">{\"@context\":\"https:\/\/schema.org\",\"@graph\":[{\"@type\":\"WebPage\",\"@id\":\"https:\/\/vzkrisenevarhany.cz\/de\/galerie\/\",\"url\":\"https:\/\/vzkrisenevarhany.cz\/de\/galerie\/\",\"name\":\"Galerie - Vzk\u0159\u00ed\u0161en\u00e9 varhany\",\"isPartOf\":{\"@id\":\"https:\/\/vzkrisenevarhany.cz\/de\/#website\"},\"primaryImageOfPage\":{\"@id\":\"https:\/\/vzkrisenevarhany.cz\/de\/galerie\/#primaryimage\"},\"image\":{\"@id\":\"https:\/\/vzkrisenevarhany.cz\/de\/galerie\/#primaryimage\"},\"thumbnailUrl\":\"https:\/\/vzkrisenevarhany.cz\/wp-content\/uploads\/2019\/01\/HK-15-2MB--1024x683.jpg\",\"datePublished\":\"2019-01-16T06:48:05+00:00\",\"dateModified\":\"2024-11-30T07:26:00+00:00\",\"breadcrumb\":{\"@id\":\"https:\/\/vzkrisenevarhany.cz\/de\/galerie\/#breadcrumb\"},\"inLanguage\":\"de\",\"potentialAction\":[{\"@type\":\"ReadAction\",\"target\":[\"https:\/\/vzkrisenevarhany.cz\/de\/galerie\/\"]}]},{\"@type\":\"ImageObject\",\"inLanguage\":\"de\",\"@id\":\"https:\/\/vzkrisenevarhany.cz\/de\/galerie\/#primaryimage\",\"url\":\"https:\/\/vzkrisenevarhany.cz\/wp-content\/uploads\/2019\/01\/HK-15-2MB--1024x683.jpg\",\"contentUrl\":\"https:\/\/vzkrisenevarhany.cz\/wp-content\/uploads\/2019\/01\/HK-15-2MB--1024x683.jpg\"},{\"@type\":\"BreadcrumbList\",\"@id\":\"https:\/\/vzkrisenevarhany.cz\/de\/galerie\/#breadcrumb\",\"itemListElement\":[{\"@type\":\"ListItem\",\"position\":1,\"name\":\"Home\",\"item\":\"https:\/\/vzkrisenevarhany.cz\/de\/wiederauferstandenes-organ\/\"},{\"@type\":\"ListItem\",\"position\":2,\"name\":\"Galerie\"}]},{\"@type\":\"WebSite\",\"@id\":\"https:\/\/vzkrisenevarhany.cz\/de\/#website\",\"url\":\"https:\/\/vzkrisenevarhany.cz\/de\/\",\"name\":\"Vzk\u0159\u00ed\u0161en\u00e9 varhany\",\"description\":\"Ojedin\u011bl\u00fd program \u201eObnova historick\u00fdch varhan\u201c, kter\u00fd nem\u00e1 v \u010cesk\u00e9 republice obdoby.\",\"publisher\":{\"@id\":\"https:\/\/vzkrisenevarhany.cz\/de\/#organization\"},\"potentialAction\":[{\"@type\":\"SearchAction\",\"target\":{\"@type\":\"EntryPoint\",\"urlTemplate\":\"https:\/\/vzkrisenevarhany.cz\/de\/?s={search_term_string}\"},\"query-input\":{\"@type\":\"PropertyValueSpecification\",\"valueRequired\":true,\"valueName\":\"search_term_string\"}}],\"inLanguage\":\"de\"},{\"@type\":\"Organization\",\"@id\":\"https:\/\/vzkrisenevarhany.cz\/de\/#organization\",\"name\":\"Vzk\u0159\u00ed\u0161en\u00e9 varhany\",\"url\":\"https:\/\/vzkrisenevarhany.cz\/de\/\",\"logo\":{\"@type\":\"ImageObject\",\"inLanguage\":\"de\",\"@id\":\"https:\/\/vzkrisenevarhany.cz\/de\/#\/schema\/logo\/image\/\",\"url\":\"https:\/\/vzkrisenevarhany.cz\/wp-content\/uploads\/2020\/08\/logo_vzkrisene_varhany_horizontal-barevna-inverzni.png\",\"contentUrl\":\"https:\/\/vzkrisenevarhany.cz\/wp-content\/uploads\/2020\/08\/logo_vzkrisene_varhany_horizontal-barevna-inverzni.png\",\"width\":4961,\"height\":2335,\"caption\":\"Vzk\u0159\u00ed\u0161en\u00e9 varhany\"},\"image\":{\"@id\":\"https:\/\/vzkrisenevarhany.cz\/de\/#\/schema\/logo\/image\/\"},\"sameAs\":[\"https:\/\/www.facebook.com\/Vzk\u0159\u00ed\u0161en\u00e9-varhany-Kr\u00e1lov\u00e9hradeck\u00e9ho-kraje-120966136210698\",\"https:\/\/www.instagram.com\/vzkrisene_varhany\/\"]}]}<\/script>\n<!-- \/ Yoast SEO plugin. -->","yoast_head_json":{"title":"Galerie - Vzk\u0159\u00ed\u0161en\u00e9 varhany","robots":{"index":"index","follow":"follow","max-snippet":"max-snippet:-1","max-image-preview":"max-image-preview:large","max-video-preview":"max-video-preview:-1"},"canonical":"https:\/\/vzkrisenevarhany.cz\/de\/galerie\/","og_locale":"de_DE","og_type":"article","og_title":"Galerie - Vzk\u0159\u00ed\u0161en\u00e9 varhany","og_description":"default default default","og_url":"https:\/\/vzkrisenevarhany.cz\/de\/galerie\/","og_site_name":"Vzk\u0159\u00ed\u0161en\u00e9 varhany","article_publisher":"https:\/\/www.facebook.com\/Vzk%c5%99%c3%ad%c5%a1en%c3%a9-varhany-Kr%c3%a1lov%c3%a9hradeck%c3%a9ho-kraje-120966136210698","article_modified_time":"2024-11-30T07:26:00+00:00","og_image":[{"url":"https:\/\/vzkrisenevarhany.cz\/wp-content\/uploads\/2019\/01\/HK-15-2MB--1024x683.jpg","type":"","width":"","height":""}],"twitter_card":"summary_large_image","schema":{"@context":"https:\/\/schema.org","@graph":[{"@type":"WebPage","@id":"https:\/\/vzkrisenevarhany.cz\/de\/galerie\/","url":"https:\/\/vzkrisenevarhany.cz\/de\/galerie\/","name":"Galerie - Vzk\u0159\u00ed\u0161en\u00e9 varhany","isPartOf":{"@id":"https:\/\/vzkrisenevarhany.cz\/de\/#website"},"primaryImageOfPage":{"@id":"https:\/\/vzkrisenevarhany.cz\/de\/galerie\/#primaryimage"},"image":{"@id":"https:\/\/vzkrisenevarhany.cz\/de\/galerie\/#primaryimage"},"thumbnailUrl":"https:\/\/vzkrisenevarhany.cz\/wp-content\/uploads\/2019\/01\/HK-15-2MB--1024x683.jpg","datePublished":"2019-01-16T06:48:05+00:00","dateModified":"2024-11-30T07:26:00+00:00","breadcrumb":{"@id":"https:\/\/vzkrisenevarhany.cz\/de\/galerie\/#breadcrumb"},"inLanguage":"de","potentialAction":[{"@type":"ReadAction","target":["https:\/\/vzkrisenevarhany.cz\/de\/galerie\/"]}]},{"@type":"ImageObject","inLanguage":"de","@id":"https:\/\/vzkrisenevarhany.cz\/de\/galerie\/#primaryimage","url":"https:\/\/vzkrisenevarhany.cz\/wp-content\/uploads\/2019\/01\/HK-15-2MB--1024x683.jpg","contentUrl":"https:\/\/vzkrisenevarhany.cz\/wp-content\/uploads\/2019\/01\/HK-15-2MB--1024x683.jpg"},{"@type":"BreadcrumbList","@id":"https:\/\/vzkrisenevarhany.cz\/de\/galerie\/#breadcrumb","itemListElement":[{"@type":"ListItem","position":1,"name":"Home","item":"https:\/\/vzkrisenevarhany.cz\/de\/wiederauferstandenes-organ\/"},{"@type":"ListItem","position":2,"name":"Galerie"}]},{"@type":"WebSite","@id":"https:\/\/vzkrisenevarhany.cz\/de\/#website","url":"https:\/\/vzkrisenevarhany.cz\/de\/","name":"Vzk\u0159\u00ed\u0161en\u00e9 varhany","description":"Ojedin\u011bl\u00fd program \u201eObnova historick\u00fdch varhan\u201c, kter\u00fd nem\u00e1 v \u010cesk\u00e9 republice obdoby.","publisher":{"@id":"https:\/\/vzkrisenevarhany.cz\/de\/#organization"},"potentialAction":[{"@type":"SearchAction","target":{"@type":"EntryPoint","urlTemplate":"https:\/\/vzkrisenevarhany.cz\/de\/?s={search_term_string}"},"query-input":{"@type":"PropertyValueSpecification","valueRequired":true,"valueName":"search_term_string"}}],"inLanguage":"de"},{"@type":"Organization","@id":"https:\/\/vzkrisenevarhany.cz\/de\/#organization","name":"Vzk\u0159\u00ed\u0161en\u00e9 varhany","url":"https:\/\/vzkrisenevarhany.cz\/de\/","logo":{"@type":"ImageObject","inLanguage":"de","@id":"https:\/\/vzkrisenevarhany.cz\/de\/#\/schema\/logo\/image\/","url":"https:\/\/vzkrisenevarhany.cz\/wp-content\/uploads\/2020\/08\/logo_vzkrisene_varhany_horizontal-barevna-inverzni.png","contentUrl":"https:\/\/vzkrisenevarhany.cz\/wp-content\/uploads\/2020\/08\/logo_vzkrisene_varhany_horizontal-barevna-inverzni.png","width":4961,"height":2335,"caption":"Vzk\u0159\u00ed\u0161en\u00e9 varhany"},"image":{"@id":"https:\/\/vzkrisenevarhany.cz\/de\/#\/schema\/logo\/image\/"},"sameAs":["https:\/\/www.facebook.com\/Vzk\u0159\u00ed\u0161en\u00e9-varhany-Kr\u00e1lov\u00e9hradeck\u00e9ho-kraje-120966136210698","https:\/\/www.instagram.com\/vzkrisene_varhany\/"]}]}},"_links":{"self":[{"href":"https:\/\/vzkrisenevarhany.cz\/de\/wp-json\/wp\/v2\/pages\/26442","targetHints":{"allow":["GET"]}}],"collection":[{"href":"https:\/\/vzkrisenevarhany.cz\/de\/wp-json\/wp\/v2\/pages"}],"about":[{"href":"https:\/\/vzkrisenevarhany.cz\/de\/wp-json\/wp\/v2\/types\/page"}],"author":[{"embeddable":true,"href":"https:\/\/vzkrisenevarhany.cz\/de\/wp-json\/wp\/v2\/users\/1"}],"replies":[{"embeddable":true,"href":"https:\/\/vzkrisenevarhany.cz\/de\/wp-json\/wp\/v2\/comments?post=26442"}],"version-history":[{"count":1,"href":"https:\/\/vzkrisenevarhany.cz\/de\/wp-json\/wp\/v2\/pages\/26442\/revisions"}],"predecessor-version":[{"id":26443,"href":"https:\/\/vzkrisenevarhany.cz\/de\/wp-json\/wp\/v2\/pages\/26442\/revisions\/26443"}],"wp:attachment":[{"href":"https:\/\/vzkrisenevarhany.cz\/de\/wp-json\/wp\/v2\/media?parent=26442"}],"curies":[{"name":"wp","href":"https:\/\/api.w.org\/{rel}","templated":true}]}}